{"id":259,"date":"2015-11-10T22:04:38","date_gmt":"2015-11-11T03:04:38","guid":{"rendered":"http:\/\/www.campingaupieddumont.ca\/index2.php\/?page_id=259&#038;lang=en"},"modified":"2024-02-17T14:36:57","modified_gmt":"2024-02-17T19:36:57","slug":"services","status":"publish","type":"page","link":"https:\/\/campingaupieddumont.ca\/en\/services\/","title":{"rendered":"Services"},"content":{"rendered":"<section class=\"l-section wpb_row height_medium\"><div class=\"l-section-h i-cf\"><div class=\"g-cols vc_row via_grid cols_2 laptops-cols_inherit tablets-cols_inherit mobiles-cols_1 valign_top type_default stacking_default\"><div class=\"wpb_column vc_column_container\"><div class=\"vc_column-inner\"><div class=\"wpb_text_column\"><div class=\"wpb_wrapper\"><h2>On site<\/h2>\n<ul>\n<li>330 camping sites\n<ul>\n<li>30 amps<\/li>\n<li>Possibility to have 50 amps on certain sites<\/li>\n<\/ul>\n<\/li>\n<li>RV\/Trailer Storage (summer and winter)<\/li>\n<li>Moving the RV\/Trailer on the site<\/li>\n<li>Rock for seasonal residents<\/li>\n<li>Kids playground<\/li>\n<li>Dog park<\/li>\n<li>New building with common room, playground, showers and toilets, laundry room<\/li>\n<li>Tennis \/ pickleball courts<\/li>\n<li>Water games for kids<\/li>\n<li>Heated adult swimming pool<\/li>\n<li>18-hole mini-putt ($)<\/li>\n<li>Convience store<\/li>\n<li>Free Wi-Fi access<\/li>\n<li>Utility Room<\/li>\n<li>Community room<\/li>\n<li>2 sanitary blocs<\/li>\n<li>Rental of visitors site includes:\n<ul>\n<li>Picnic table<\/li>\n<li>Fire pit<\/li>\n<li>30 amps<\/li>\n<\/ul>\n<\/li>\n<\/ul>\n<\/div><\/div><\/div><\/div><div class=\"wpb_column vc_column_container\"><div class=\"vc_column-inner\"><div class=\"wpb_text_column\"><div class=\"wpb_wrapper\"><h2>Near us<\/h2>\n<ul>\n<li>Only a few kilometer away :\n<ul>\n<li>Golf Saint-C\u00e9saire<\/li>\n<li>Rougemont summer theater<\/li>\n<li>Golf course in Rougmont, Saint-Hyacinthe and Beloeil<\/li>\n<li>Stalls<\/li>\n<li>Vergers<\/li>\n<li>5 km away of Rougemont<\/li>\n<li>12 km of Beloeil<\/li>\n<li>30 minutes from Granby<\/li>\n<\/ul>\n<\/li>\n<\/ul>\n<\/div><\/div><\/div><\/div><\/div><\/div><\/section>\n","protected":false},"excerpt":{"rendered":"On site 330 camping sites 30 amps Possibility to have 50 amps on certain sites RV\/Trailer Storage (summer and winter) Moving the RV\/Trailer on the site Rock for seasonal residents Kids playground Dog park New building with common room, playground, showers and toilets, laundry room Tennis \/ pickleball courts Water games for kids Heated adult...","protected":false},"author":1,"featured_media":0,"parent":0,"menu_order":0,"comment_status":"closed","ping_status":"closed","template":"","meta":{"footnotes":""},"class_list":["post-259","page","type-page","status-publish","hentry"],"yoast_head":"<!-- This site is optimized with the Yoast SEO plugin v27.2 - https:\/\/yoast.com\/product\/yoast-seo-wordpress\/ -->\n<title>Services - Camping Au Pied Du Mont en Mont\u00e9r\u00e9gie<\/title>\n<meta name=\"description\" content=\"Campground located in Mont\u00e9r\u00e9gie at St-Jean-Baptiste. Various services offered. For seasonal residents and visitors.\" \/>\n<meta name=\"robots\" content=\"index, follow, max-snippet:-1, max-image-preview:large, max-video-preview:-1\" \/>\n<link rel=\"canonical\" href=\"https:\/\/campingaupieddumont.ca\/en\/services\/\" \/>\n<meta property=\"og:locale\" content=\"en_US\" \/>\n<meta property=\"og:type\" content=\"article\" \/>\n<meta property=\"og:title\" content=\"Services - Camping Au Pied Du Mont en Mont\u00e9r\u00e9gie\" \/>\n<meta property=\"og:description\" content=\"Campground located in Mont\u00e9r\u00e9gie at St-Jean-Baptiste. Various services offered. For seasonal residents and visitors.\" \/>\n<meta property=\"og:url\" content=\"https:\/\/campingaupieddumont.ca\/en\/services\/\" \/>\n<meta property=\"og:site_name\" content=\"Camping Au Pied Du Mont\" \/>\n<meta property=\"article:publisher\" content=\"https:\/\/www.facebook.com\/campingaupieddumont\" \/>\n<meta property=\"article:modified_time\" content=\"2024-02-17T19:36:57+00:00\" \/>\n<meta property=\"og:image\" content=\"https:\/\/campingaupieddumont.ca\/wp-content\/uploads\/camping-au-pied-du-mont-vue-ensemble.jpg\" \/>\n\t<meta property=\"og:image:width\" content=\"2048\" \/>\n\t<meta property=\"og:image:height\" content=\"800\" \/>\n\t<meta property=\"og:image:type\" content=\"image\/jpeg\" \/>\n<script type=\"application\/ld+json\" class=\"yoast-schema-graph\">{\"@context\":\"https:\/\/schema.org\",\"@graph\":[{\"@type\":\"WebPage\",\"@id\":\"https:\/\/campingaupieddumont.ca\/en\/services\/\",\"url\":\"https:\/\/campingaupieddumont.ca\/en\/services\/\",\"name\":\"Services - Camping Au Pied Du Mont en Mont\u00e9r\u00e9gie\",\"isPartOf\":{\"@id\":\"https:\/\/campingaupieddumont.ca\/#website\"},\"datePublished\":\"2015-11-11T03:04:38+00:00\",\"dateModified\":\"2024-02-17T19:36:57+00:00\",\"description\":\"Campground located in Mont\u00e9r\u00e9gie at St-Jean-Baptiste. Various services offered. For seasonal residents and visitors.\",\"breadcrumb\":{\"@id\":\"https:\/\/campingaupieddumont.ca\/en\/services\/#breadcrumb\"},\"inLanguage\":\"en-CA\",\"potentialAction\":[{\"@type\":\"ReadAction\",\"target\":[\"https:\/\/campingaupieddumont.ca\/en\/services\/\"]}]},{\"@type\":\"BreadcrumbList\",\"@id\":\"https:\/\/campingaupieddumont.ca\/en\/services\/#breadcrumb\",\"itemListElement\":[{\"@type\":\"ListItem\",\"position\":1,\"name\":\"Accueil\",\"item\":\"https:\/\/campingaupieddumont.ca\/en\/\"},{\"@type\":\"ListItem\",\"position\":2,\"name\":\"Services\"}]},{\"@type\":\"WebSite\",\"@id\":\"https:\/\/campingaupieddumont.ca\/#website\",\"url\":\"https:\/\/campingaupieddumont.ca\/\",\"name\":\"Camping Au Pied Du Mont\",\"description\":\"Camping located at the foot of Mount Rougemont\",\"potentialAction\":[{\"@type\":\"SearchAction\",\"target\":{\"@type\":\"EntryPoint\",\"urlTemplate\":\"https:\/\/campingaupieddumont.ca\/?s={search_term_string}\"},\"query-input\":{\"@type\":\"PropertyValueSpecification\",\"valueRequired\":true,\"valueName\":\"search_term_string\"}}],\"inLanguage\":\"en-CA\"}]}<\/script>\n<!-- \/ Yoast SEO plugin. -->","yoast_head_json":{"title":"Services - Camping Au Pied Du Mont en Mont\u00e9r\u00e9gie","description":"Campground located in Mont\u00e9r\u00e9gie at St-Jean-Baptiste. Various services offered. For seasonal residents and visitors.","robots":{"index":"index","follow":"follow","max-snippet":"max-snippet:-1","max-image-preview":"max-image-preview:large","max-video-preview":"max-video-preview:-1"},"canonical":"https:\/\/campingaupieddumont.ca\/en\/services\/","og_locale":"en_US","og_type":"article","og_title":"Services - Camping Au Pied Du Mont en Mont\u00e9r\u00e9gie","og_description":"Campground located in Mont\u00e9r\u00e9gie at St-Jean-Baptiste. Various services offered. For seasonal residents and visitors.","og_url":"https:\/\/campingaupieddumont.ca\/en\/services\/","og_site_name":"Camping Au Pied Du Mont","article_publisher":"https:\/\/www.facebook.com\/campingaupieddumont","article_modified_time":"2024-02-17T19:36:57+00:00","og_image":[{"width":2048,"height":800,"url":"https:\/\/campingaupieddumont.ca\/wp-content\/uploads\/camping-au-pied-du-mont-vue-ensemble.jpg","type":"image\/jpeg"}],"schema":{"@context":"https:\/\/schema.org","@graph":[{"@type":"WebPage","@id":"https:\/\/campingaupieddumont.ca\/en\/services\/","url":"https:\/\/campingaupieddumont.ca\/en\/services\/","name":"Services - Camping Au Pied Du Mont en Mont\u00e9r\u00e9gie","isPartOf":{"@id":"https:\/\/campingaupieddumont.ca\/#website"},"datePublished":"2015-11-11T03:04:38+00:00","dateModified":"2024-02-17T19:36:57+00:00","description":"Campground located in Mont\u00e9r\u00e9gie at St-Jean-Baptiste. Various services offered. For seasonal residents and visitors.","breadcrumb":{"@id":"https:\/\/campingaupieddumont.ca\/en\/services\/#breadcrumb"},"inLanguage":"en-CA","potentialAction":[{"@type":"ReadAction","target":["https:\/\/campingaupieddumont.ca\/en\/services\/"]}]},{"@type":"BreadcrumbList","@id":"https:\/\/campingaupieddumont.ca\/en\/services\/#breadcrumb","itemListElement":[{"@type":"ListItem","position":1,"name":"Accueil","item":"https:\/\/campingaupieddumont.ca\/en\/"},{"@type":"ListItem","position":2,"name":"Services"}]},{"@type":"WebSite","@id":"https:\/\/campingaupieddumont.ca\/#website","url":"https:\/\/campingaupieddumont.ca\/","name":"Camping Au Pied Du Mont","description":"Camping located at the foot of Mount Rougemont","potentialAction":[{"@type":"SearchAction","target":{"@type":"EntryPoint","urlTemplate":"https:\/\/campingaupieddumont.ca\/?s={search_term_string}"},"query-input":{"@type":"PropertyValueSpecification","valueRequired":true,"valueName":"search_term_string"}}],"inLanguage":"en-CA"}]}},"_links":{"self":[{"href":"https:\/\/campingaupieddumont.ca\/en\/wp-json\/wp\/v2\/pages\/259","targetHints":{"allow":["GET"]}}],"collection":[{"href":"https:\/\/campingaupieddumont.ca\/en\/wp-json\/wp\/v2\/pages"}],"about":[{"href":"https:\/\/campingaupieddumont.ca\/en\/wp-json\/wp\/v2\/types\/page"}],"author":[{"embeddable":true,"href":"https:\/\/campingaupieddumont.ca\/en\/wp-json\/wp\/v2\/users\/1"}],"replies":[{"embeddable":true,"href":"https:\/\/campingaupieddumont.ca\/en\/wp-json\/wp\/v2\/comments?post=259"}],"version-history":[{"count":0,"href":"https:\/\/campingaupieddumont.ca\/en\/wp-json\/wp\/v2\/pages\/259\/revisions"}],"wp:attachment":[{"href":"https:\/\/campingaupieddumont.ca\/en\/wp-json\/wp\/v2\/media?parent=259"}],"curies":[{"name":"wp","href":"https:\/\/api.w.org\/{rel}","templated":true}]}}