{"id":265,"date":"2015-07-16T12:01:29","date_gmt":"2015-07-16T16:01:29","guid":{"rendered":"http:\/\/www.campingaupieddumont.ca\/index2.php\/?page_id=265&#038;lang=en"},"modified":"2025-03-26T08:56:24","modified_gmt":"2025-03-26T12:56:24","slug":"photos","status":"publish","type":"page","link":"https:\/\/campingaupieddumont.ca\/en\/photos\/","title":{"rendered":"Photos"},"content":{"rendered":"<section class=\"l-section wpb_row height_medium\"><div class=\"l-section-h i-cf\"><div class=\"g-cols vc_row via_grid cols_1 laptops-cols_inherit tablets-cols_inherit mobiles-cols_1 valign_top type_default stacking_default\"><div class=\"wpb_column vc_column_container\"><div class=\"vc_column-inner\"><div class=\"w-gallery fit_cover type_mosaic_hor action_popup_image ratio_1x1 count_27\" style=\"--columns:4;--items-gap:10px;--items-height:30cqw;\"><div class=\"w-gallery-list\"><div class=\"w-gallery-item\"><div class=\"w-gallery-item-img\"><img loading=\"lazy\" decoding=\"async\" width=\"955\" height=\"716\" src=\"https:\/\/campingaupieddumont.ca\/wp-content\/uploads\/train-commercial.jpg\" class=\"attachment-us_600_400 size-us_600_400\" alt=\"\" srcset=\"https:\/\/campingaupieddumont.ca\/wp-content\/uploads\/train-commercial.jpg 955w, https:\/\/campingaupieddumont.ca\/wp-content\/uploads\/train-commercial-600x450.jpg 600w\" sizes=\"auto, (max-width: 955px) 100vw, 955px\" \/><\/div><a class=\"w-gallery-item-link\" aria-label=\"Train Playground - New in 2021\" href=\"https:\/\/campingaupieddumont.ca\/wp-content\/uploads\/train-commercial.jpg\"><\/a><\/div><div class=\"w-gallery-item\"><div class=\"w-gallery-item-img\"><img loading=\"lazy\" decoding=\"async\" width=\"1536\" height=\"2048\" src=\"https:\/\/campingaupieddumont.ca\/wp-content\/uploads\/20200813_090149-scaled.jpg\" class=\"attachment-us_600_400 size-us_600_400\" alt=\"Module de jeux pour enfants\" srcset=\"https:\/\/campingaupieddumont.ca\/wp-content\/uploads\/20200813_090149-scaled.jpg 1536w, https:\/\/campingaupieddumont.ca\/wp-content\/uploads\/20200813_090149-scaled-450x600.jpg 450w\" sizes=\"auto, (max-width: 1536px) 100vw, 1536px\" \/><\/div><a class=\"w-gallery-item-link\" aria-label=\"Module de jeux pour enfants\" href=\"https:\/\/campingaupieddumont.ca\/wp-content\/uploads\/20200813_090149-scaled.jpg\"><\/a><\/div><div class=\"w-gallery-item\"><div class=\"w-gallery-item-img\"><img loading=\"lazy\" decoding=\"async\" width=\"1200\" height=\"885\" src=\"https:\/\/campingaupieddumont.ca\/wp-content\/uploads\/jeux.jpg\" class=\"attachment-us_600_400 size-us_600_400\" alt=\"\" srcset=\"https:\/\/campingaupieddumont.ca\/wp-content\/uploads\/jeux.jpg 1200w, https:\/\/campingaupieddumont.ca\/wp-content\/uploads\/jeux-600x443.jpg 600w\" sizes=\"auto, (max-width: 1200px) 100vw, 1200px\" \/><\/div><a class=\"w-gallery-item-link\" aria-label=\"jeux\" href=\"https:\/\/campingaupieddumont.ca\/wp-content\/uploads\/jeux.jpg\"><\/a><\/div><div class=\"w-gallery-item\"><div class=\"w-gallery-item-img\"><img loading=\"lazy\" decoding=\"async\" width=\"1536\" height=\"2048\" src=\"https:\/\/campingaupieddumont.ca\/wp-content\/uploads\/20200813_090709-scaled.jpg\" class=\"attachment-us_600_400 size-us_600_400\" alt=\"\" srcset=\"https:\/\/campingaupieddumont.ca\/wp-content\/uploads\/20200813_090709-scaled.jpg 1536w, https:\/\/campingaupieddumont.ca\/wp-content\/uploads\/20200813_090709-scaled-450x600.jpg 450w\" sizes=\"auto, (max-width: 1536px) 100vw, 1536px\" \/><\/div><a class=\"w-gallery-item-link\" aria-label=\"20200813_090709\" href=\"https:\/\/campingaupieddumont.ca\/wp-content\/uploads\/20200813_090709-scaled.jpg\"><\/a><\/div><div class=\"w-gallery-item\"><div class=\"w-gallery-item-img\"><img loading=\"lazy\" decoding=\"async\" width=\"1536\" height=\"2048\" src=\"https:\/\/campingaupieddumont.ca\/wp-content\/uploads\/20200813_090644-scaled.jpg\" class=\"attachment-us_600_400 size-us_600_400\" alt=\"\" srcset=\"https:\/\/campingaupieddumont.ca\/wp-content\/uploads\/20200813_090644-scaled.jpg 1536w, https:\/\/campingaupieddumont.ca\/wp-content\/uploads\/20200813_090644-scaled-450x600.jpg 450w\" sizes=\"auto, (max-width: 1536px) 100vw, 1536px\" \/><\/div><a class=\"w-gallery-item-link\" aria-label=\"20200813_090644\" href=\"https:\/\/campingaupieddumont.ca\/wp-content\/uploads\/20200813_090644-scaled.jpg\"><\/a><\/div><div class=\"w-gallery-item\"><div class=\"w-gallery-item-img\"><img loading=\"lazy\" decoding=\"async\" width=\"1536\" height=\"2048\" src=\"https:\/\/campingaupieddumont.ca\/wp-content\/uploads\/batisse.jpg\" class=\"attachment-us_600_400 size-us_600_400\" alt=\"\" \/><\/div><a class=\"w-gallery-item-link\" aria-label=\"20210908_155242\" href=\"https:\/\/campingaupieddumont.ca\/wp-content\/uploads\/batisse.jpg\"><\/a><\/div><div class=\"w-gallery-item\"><div class=\"w-gallery-item-img\"><img loading=\"lazy\" decoding=\"async\" width=\"2048\" height=\"1362\" src=\"https:\/\/campingaupieddumont.ca\/wp-content\/uploads\/DSC_0169.jpg\" class=\"attachment-us_600_400 size-us_600_400\" alt=\"\" srcset=\"https:\/\/campingaupieddumont.ca\/wp-content\/uploads\/DSC_0169.jpg 2048w, https:\/\/campingaupieddumont.ca\/wp-content\/uploads\/DSC_0169-600x399.jpg 600w\" sizes=\"auto, (max-width: 2048px) 100vw, 2048px\" \/><\/div><a class=\"w-gallery-item-link\" aria-label=\"DSC_0169\" href=\"https:\/\/campingaupieddumont.ca\/wp-content\/uploads\/DSC_0169.jpg\"><\/a><\/div><div class=\"w-gallery-item\"><div class=\"w-gallery-item-img\"><img loading=\"lazy\" decoding=\"async\" width=\"2048\" height=\"1362\" src=\"https:\/\/campingaupieddumont.ca\/wp-content\/uploads\/DSC_0229.jpg\" class=\"attachment-us_600_400 size-us_600_400\" alt=\"\" srcset=\"https:\/\/campingaupieddumont.ca\/wp-content\/uploads\/DSC_0229.jpg 2048w, https:\/\/campingaupieddumont.ca\/wp-content\/uploads\/DSC_0229-600x399.jpg 600w\" sizes=\"auto, (max-width: 2048px) 100vw, 2048px\" \/><\/div><a class=\"w-gallery-item-link\" aria-label=\"DSC_0229\" href=\"https:\/\/campingaupieddumont.ca\/wp-content\/uploads\/DSC_0229.jpg\"><\/a><\/div><div class=\"w-gallery-item\"><div class=\"w-gallery-item-img\"><img loading=\"lazy\" decoding=\"async\" width=\"2048\" height=\"1362\" src=\"https:\/\/campingaupieddumont.ca\/wp-content\/uploads\/DSC_0289.jpg\" class=\"attachment-us_600_400 size-us_600_400\" alt=\"\" srcset=\"https:\/\/campingaupieddumont.ca\/wp-content\/uploads\/DSC_0289.jpg 2048w, https:\/\/campingaupieddumont.ca\/wp-content\/uploads\/DSC_0289-600x399.jpg 600w\" sizes=\"auto, (max-width: 2048px) 100vw, 2048px\" \/><\/div><a class=\"w-gallery-item-link\" aria-label=\"DSC_0289\" href=\"https:\/\/campingaupieddumont.ca\/wp-content\/uploads\/DSC_0289.jpg\"><\/a><\/div><div class=\"w-gallery-item\"><div class=\"w-gallery-item-img\"><img loading=\"lazy\" decoding=\"async\" width=\"2048\" height=\"1362\" src=\"https:\/\/campingaupieddumont.ca\/wp-content\/uploads\/DSC_0252.jpg\" class=\"attachment-us_600_400 size-us_600_400\" alt=\"\" srcset=\"https:\/\/campingaupieddumont.ca\/wp-content\/uploads\/DSC_0252.jpg 2048w, https:\/\/campingaupieddumont.ca\/wp-content\/uploads\/DSC_0252-600x399.jpg 600w\" sizes=\"auto, (max-width: 2048px) 100vw, 2048px\" \/><\/div><a class=\"w-gallery-item-link\" aria-label=\"DSC_0252\" href=\"https:\/\/campingaupieddumont.ca\/wp-content\/uploads\/DSC_0252.jpg\"><\/a><\/div><div class=\"w-gallery-item\"><div class=\"w-gallery-item-img\"><img loading=\"lazy\" decoding=\"async\" width=\"2048\" height=\"1362\" src=\"https:\/\/campingaupieddumont.ca\/wp-content\/uploads\/DSC_0243.jpg\" class=\"attachment-us_600_400 size-us_600_400\" alt=\"\" srcset=\"https:\/\/campingaupieddumont.ca\/wp-content\/uploads\/DSC_0243.jpg 2048w, https:\/\/campingaupieddumont.ca\/wp-content\/uploads\/DSC_0243-600x399.jpg 600w\" sizes=\"auto, (max-width: 2048px) 100vw, 2048px\" \/><\/div><a class=\"w-gallery-item-link\" aria-label=\"DSC_0243\" href=\"https:\/\/campingaupieddumont.ca\/wp-content\/uploads\/DSC_0243.jpg\"><\/a><\/div><div class=\"w-gallery-item\"><div class=\"w-gallery-item-img\"><img loading=\"lazy\" decoding=\"async\" width=\"2048\" height=\"1362\" src=\"https:\/\/campingaupieddumont.ca\/wp-content\/uploads\/DSC_0445.jpg\" class=\"attachment-us_600_400 size-us_600_400\" alt=\"\" srcset=\"https:\/\/campingaupieddumont.ca\/wp-content\/uploads\/DSC_0445.jpg 2048w, https:\/\/campingaupieddumont.ca\/wp-content\/uploads\/DSC_0445-600x399.jpg 600w\" sizes=\"auto, (max-width: 2048px) 100vw, 2048px\" \/><\/div><a class=\"w-gallery-item-link\" aria-label=\"DSC_0445\" href=\"https:\/\/campingaupieddumont.ca\/wp-content\/uploads\/DSC_0445.jpg\"><\/a><\/div><div class=\"w-gallery-item\"><div class=\"w-gallery-item-img\"><img loading=\"lazy\" decoding=\"async\" width=\"2048\" height=\"1362\" src=\"https:\/\/campingaupieddumont.ca\/wp-content\/uploads\/DSC_0443.jpg\" class=\"attachment-us_600_400 size-us_600_400\" alt=\"\" srcset=\"https:\/\/campingaupieddumont.ca\/wp-content\/uploads\/DSC_0443.jpg 2048w, https:\/\/campingaupieddumont.ca\/wp-content\/uploads\/DSC_0443-600x399.jpg 600w\" sizes=\"auto, (max-width: 2048px) 100vw, 2048px\" \/><\/div><a class=\"w-gallery-item-link\" aria-label=\"DSC_0443\" href=\"https:\/\/campingaupieddumont.ca\/wp-content\/uploads\/DSC_0443.jpg\"><\/a><\/div><div class=\"w-gallery-item\"><div class=\"w-gallery-item-img\"><img loading=\"lazy\" decoding=\"async\" width=\"2048\" height=\"1362\" src=\"https:\/\/campingaupieddumont.ca\/wp-content\/uploads\/DSC_0442.jpg\" class=\"attachment-us_600_400 size-us_600_400\" alt=\"\" srcset=\"https:\/\/campingaupieddumont.ca\/wp-content\/uploads\/DSC_0442.jpg 2048w, https:\/\/campingaupieddumont.ca\/wp-content\/uploads\/DSC_0442-600x399.jpg 600w\" sizes=\"auto, (max-width: 2048px) 100vw, 2048px\" \/><\/div><a class=\"w-gallery-item-link\" aria-label=\"DSC_0442\" href=\"https:\/\/campingaupieddumont.ca\/wp-content\/uploads\/DSC_0442.jpg\"><\/a><\/div><div class=\"w-gallery-item\"><div class=\"w-gallery-item-img\"><img loading=\"lazy\" decoding=\"async\" width=\"2048\" height=\"1362\" src=\"https:\/\/campingaupieddumont.ca\/wp-content\/uploads\/DSC_0437.jpg\" class=\"attachment-us_600_400 size-us_600_400\" alt=\"\" srcset=\"https:\/\/campingaupieddumont.ca\/wp-content\/uploads\/DSC_0437.jpg 2048w, https:\/\/campingaupieddumont.ca\/wp-content\/uploads\/DSC_0437-600x399.jpg 600w\" sizes=\"auto, (max-width: 2048px) 100vw, 2048px\" \/><\/div><a class=\"w-gallery-item-link\" aria-label=\"DSC_0437\" href=\"https:\/\/campingaupieddumont.ca\/wp-content\/uploads\/DSC_0437.jpg\"><\/a><\/div><div class=\"w-gallery-item\"><div class=\"w-gallery-item-img\"><img loading=\"lazy\" decoding=\"async\" width=\"2048\" height=\"1362\" src=\"https:\/\/campingaupieddumont.ca\/wp-content\/uploads\/DSC_0452.jpg\" class=\"attachment-us_600_400 size-us_600_400\" alt=\"\" srcset=\"https:\/\/campingaupieddumont.ca\/wp-content\/uploads\/DSC_0452.jpg 2048w, https:\/\/campingaupieddumont.ca\/wp-content\/uploads\/DSC_0452-600x399.jpg 600w\" sizes=\"auto, (max-width: 2048px) 100vw, 2048px\" \/><\/div><a class=\"w-gallery-item-link\" aria-label=\"DSC_0452\" href=\"https:\/\/campingaupieddumont.ca\/wp-content\/uploads\/DSC_0452.jpg\"><\/a><\/div><div class=\"w-gallery-item\"><div class=\"w-gallery-item-img\"><img loading=\"lazy\" decoding=\"async\" width=\"2048\" height=\"1362\" src=\"https:\/\/campingaupieddumont.ca\/wp-content\/uploads\/DSC_0472.jpg\" class=\"attachment-us_600_400 size-us_600_400\" alt=\"\" srcset=\"https:\/\/campingaupieddumont.ca\/wp-content\/uploads\/DSC_0472.jpg 2048w, https:\/\/campingaupieddumont.ca\/wp-content\/uploads\/DSC_0472-600x399.jpg 600w\" sizes=\"auto, (max-width: 2048px) 100vw, 2048px\" \/><\/div><a class=\"w-gallery-item-link\" aria-label=\"DSC_0472\" href=\"https:\/\/campingaupieddumont.ca\/wp-content\/uploads\/DSC_0472.jpg\"><\/a><\/div><div class=\"w-gallery-item\"><div class=\"w-gallery-item-img\"><img loading=\"lazy\" decoding=\"async\" width=\"2048\" height=\"1362\" src=\"https:\/\/campingaupieddumont.ca\/wp-content\/uploads\/DSC_0413.jpg\" class=\"attachment-us_600_400 size-us_600_400\" alt=\"\" srcset=\"https:\/\/campingaupieddumont.ca\/wp-content\/uploads\/DSC_0413.jpg 2048w, https:\/\/campingaupieddumont.ca\/wp-content\/uploads\/DSC_0413-600x399.jpg 600w\" sizes=\"auto, (max-width: 2048px) 100vw, 2048px\" \/><\/div><a class=\"w-gallery-item-link\" aria-label=\"DSC_0413\" href=\"https:\/\/campingaupieddumont.ca\/wp-content\/uploads\/DSC_0413.jpg\"><\/a><\/div><div class=\"w-gallery-item\"><div class=\"w-gallery-item-img\"><img loading=\"lazy\" decoding=\"async\" width=\"2048\" height=\"1362\" src=\"https:\/\/campingaupieddumont.ca\/wp-content\/uploads\/DSC_0391.jpg\" class=\"attachment-us_600_400 size-us_600_400\" alt=\"\" srcset=\"https:\/\/campingaupieddumont.ca\/wp-content\/uploads\/DSC_0391.jpg 2048w, https:\/\/campingaupieddumont.ca\/wp-content\/uploads\/DSC_0391-600x399.jpg 600w\" sizes=\"auto, (max-width: 2048px) 100vw, 2048px\" \/><\/div><a class=\"w-gallery-item-link\" aria-label=\"DSC_0391\" href=\"https:\/\/campingaupieddumont.ca\/wp-content\/uploads\/DSC_0391.jpg\"><\/a><\/div><div class=\"w-gallery-item\"><div class=\"w-gallery-item-img\"><img loading=\"lazy\" decoding=\"async\" width=\"2048\" height=\"1362\" src=\"https:\/\/campingaupieddumont.ca\/wp-content\/uploads\/DSC_0382.jpg\" class=\"attachment-us_600_400 size-us_600_400\" alt=\"\" srcset=\"https:\/\/campingaupieddumont.ca\/wp-content\/uploads\/DSC_0382.jpg 2048w, https:\/\/campingaupieddumont.ca\/wp-content\/uploads\/DSC_0382-600x399.jpg 600w\" sizes=\"auto, (max-width: 2048px) 100vw, 2048px\" \/><\/div><a class=\"w-gallery-item-link\" aria-label=\"DSC_0382\" href=\"https:\/\/campingaupieddumont.ca\/wp-content\/uploads\/DSC_0382.jpg\"><\/a><\/div><div class=\"w-gallery-item\"><div class=\"w-gallery-item-img\"><img loading=\"lazy\" decoding=\"async\" width=\"2048\" height=\"1362\" src=\"https:\/\/campingaupieddumont.ca\/wp-content\/uploads\/DSC_0385.jpg\" class=\"attachment-us_600_400 size-us_600_400\" alt=\"\" srcset=\"https:\/\/campingaupieddumont.ca\/wp-content\/uploads\/DSC_0385.jpg 2048w, https:\/\/campingaupieddumont.ca\/wp-content\/uploads\/DSC_0385-600x399.jpg 600w\" sizes=\"auto, (max-width: 2048px) 100vw, 2048px\" \/><\/div><a class=\"w-gallery-item-link\" aria-label=\"DSC_0385\" href=\"https:\/\/campingaupieddumont.ca\/wp-content\/uploads\/DSC_0385.jpg\"><\/a><\/div><div class=\"w-gallery-item\"><div class=\"w-gallery-item-img\"><img loading=\"lazy\" decoding=\"async\" width=\"2000\" height=\"430\" src=\"https:\/\/campingaupieddumont.ca\/wp-content\/uploads\/header-information.jpg\" class=\"attachment-us_600_400 size-us_600_400\" alt=\"\" srcset=\"https:\/\/campingaupieddumont.ca\/wp-content\/uploads\/header-information.jpg 2000w, https:\/\/campingaupieddumont.ca\/wp-content\/uploads\/header-information-600x129.jpg 600w\" sizes=\"auto, (max-width: 2000px) 100vw, 2000px\" \/><\/div><a class=\"w-gallery-item-link\" aria-label=\"header-information\" href=\"https:\/\/campingaupieddumont.ca\/wp-content\/uploads\/header-information.jpg\"><\/a><\/div><div class=\"w-gallery-item\"><div class=\"w-gallery-item-img\"><img loading=\"lazy\" decoding=\"async\" width=\"2000\" height=\"430\" src=\"https:\/\/campingaupieddumont.ca\/wp-content\/uploads\/header-activites.jpg\" class=\"attachment-us_600_400 size-us_600_400\" alt=\"\" srcset=\"https:\/\/campingaupieddumont.ca\/wp-content\/uploads\/header-activites.jpg 2000w, https:\/\/campingaupieddumont.ca\/wp-content\/uploads\/header-activites-600x129.jpg 600w\" sizes=\"auto, (max-width: 2000px) 100vw, 2000px\" \/><\/div><a class=\"w-gallery-item-link\" aria-label=\"header-activites\" href=\"https:\/\/campingaupieddumont.ca\/wp-content\/uploads\/header-activites.jpg\"><\/a><\/div><div class=\"w-gallery-item\"><div class=\"w-gallery-item-img\"><img loading=\"lazy\" decoding=\"async\" width=\"2000\" height=\"430\" src=\"https:\/\/campingaupieddumont.ca\/wp-content\/uploads\/header-piscine1.jpg\" class=\"attachment-us_600_400 size-us_600_400\" alt=\"\" srcset=\"https:\/\/campingaupieddumont.ca\/wp-content\/uploads\/header-piscine1.jpg 2000w, https:\/\/campingaupieddumont.ca\/wp-content\/uploads\/header-piscine1-600x129.jpg 600w\" sizes=\"auto, (max-width: 2000px) 100vw, 2000px\" \/><\/div><a class=\"w-gallery-item-link\" aria-label=\"header-piscine\" href=\"https:\/\/campingaupieddumont.ca\/wp-content\/uploads\/header-piscine1.jpg\"><\/a><\/div><div class=\"w-gallery-item\"><div class=\"w-gallery-item-img\"><img loading=\"lazy\" decoding=\"async\" width=\"2000\" height=\"430\" src=\"https:\/\/campingaupieddumont.ca\/wp-content\/uploads\/header-tarifs.jpg\" class=\"attachment-us_600_400 size-us_600_400\" alt=\"\" srcset=\"https:\/\/campingaupieddumont.ca\/wp-content\/uploads\/header-tarifs.jpg 2000w, https:\/\/campingaupieddumont.ca\/wp-content\/uploads\/header-tarifs-600x129.jpg 600w\" sizes=\"auto, (max-width: 2000px) 100vw, 2000px\" \/><\/div><a class=\"w-gallery-item-link\" aria-label=\"header-tarifs\" href=\"https:\/\/campingaupieddumont.ca\/wp-content\/uploads\/header-tarifs.jpg\"><\/a><\/div><div class=\"w-gallery-item\"><div class=\"w-gallery-item-img\"><img loading=\"lazy\" decoding=\"async\" width=\"2000\" height=\"430\" src=\"https:\/\/campingaupieddumont.ca\/wp-content\/uploads\/header-photos.jpg\" class=\"attachment-us_600_400 size-us_600_400\" alt=\"\" srcset=\"https:\/\/campingaupieddumont.ca\/wp-content\/uploads\/header-photos.jpg 2000w, https:\/\/campingaupieddumont.ca\/wp-content\/uploads\/header-photos-600x129.jpg 600w\" sizes=\"auto, (max-width: 2000px) 100vw, 2000px\" \/><\/div><a class=\"w-gallery-item-link\" aria-label=\"header-photos\" href=\"https:\/\/campingaupieddumont.ca\/wp-content\/uploads\/header-photos.jpg\"><\/a><\/div><div class=\"w-gallery-item\"><div class=\"w-gallery-item-img\"><img loading=\"lazy\" decoding=\"async\" width=\"2000\" height=\"432\" src=\"https:\/\/campingaupieddumont.ca\/wp-content\/uploads\/montagne-header.jpg\" class=\"attachment-us_600_400 size-us_600_400\" alt=\"\" srcset=\"https:\/\/campingaupieddumont.ca\/wp-content\/uploads\/montagne-header.jpg 2000w, https:\/\/campingaupieddumont.ca\/wp-content\/uploads\/montagne-header-600x130.jpg 600w\" sizes=\"auto, (max-width: 2000px) 100vw, 2000px\" \/><\/div><a class=\"w-gallery-item-link\" aria-label=\"montagne-header\" href=\"https:\/\/campingaupieddumont.ca\/wp-content\/uploads\/montagne-header.jpg\"><\/a><\/div><\/div><\/div><\/div><\/div><\/div><\/div><\/section>\n","protected":false},"excerpt":{"rendered":"","protected":false},"author":1,"featured_media":0,"parent":0,"menu_order":0,"comment_status":"closed","ping_status":"closed","template":"","meta":{"footnotes":""},"class_list":["post-265","page","type-page","status-publish","hentry"],"yoast_head":"<!-- This site is optimized with the Yoast SEO plugin v27.2 - https:\/\/yoast.com\/product\/yoast-seo-wordpress\/ -->\n<title>Photos Camping Au Pied Du Mont | Granby, St-Hyacinthe, Rive-Sud, Estrie<\/title>\n<meta name=\"description\" content=\"Photos du Camping Au Pied Du Mont. Bien situ\u00e9 en Mont\u00e9r\u00e9gie, pr\u00e8s de Granby, St-Hyacinthe, Rive-Sud de Montr\u00e9al.Venez nous visiter cet \u00e9t\u00e9!\" \/>\n<meta name=\"robots\" content=\"index, follow, max-snippet:-1, max-image-preview:large, max-video-preview:-1\" \/>\n<link rel=\"canonical\" href=\"https:\/\/campingaupieddumont.ca\/en\/photos\/\" \/>\n<meta property=\"og:locale\" content=\"en_US\" \/>\n<meta property=\"og:type\" content=\"article\" \/>\n<meta property=\"og:title\" content=\"Photos Camping Au Pied Du Mont | Granby, St-Hyacinthe, Rive-Sud, Estrie\" \/>\n<meta property=\"og:description\" content=\"Photos du Camping Au Pied Du Mont. Bien situ\u00e9 en Mont\u00e9r\u00e9gie, pr\u00e8s de Granby, St-Hyacinthe, Rive-Sud de Montr\u00e9al.Venez nous visiter cet \u00e9t\u00e9!\" \/>\n<meta property=\"og:url\" content=\"https:\/\/campingaupieddumont.ca\/en\/photos\/\" \/>\n<meta property=\"og:site_name\" content=\"Camping Au Pied Du Mont\" \/>\n<meta property=\"article:publisher\" content=\"https:\/\/www.facebook.com\/campingaupieddumont\" \/>\n<meta property=\"article:modified_time\" content=\"2025-03-26T12:56:24+00:00\" \/>\n<meta property=\"og:image\" content=\"https:\/\/campingaupieddumont.ca\/wp-content\/uploads\/camping-au-pied-du-mont-vue-ensemble.jpg\" \/>\n\t<meta property=\"og:image:width\" content=\"2048\" \/>\n\t<meta property=\"og:image:height\" content=\"800\" \/>\n\t<meta property=\"og:image:type\" content=\"image\/jpeg\" \/>\n<script type=\"application\/ld+json\" class=\"yoast-schema-graph\">{\"@context\":\"https:\/\/schema.org\",\"@graph\":[{\"@type\":\"WebPage\",\"@id\":\"https:\/\/campingaupieddumont.ca\/en\/photos\/\",\"url\":\"https:\/\/campingaupieddumont.ca\/en\/photos\/\",\"name\":\"Photos Camping Au Pied Du Mont | Granby, St-Hyacinthe, Rive-Sud, Estrie\",\"isPartOf\":{\"@id\":\"https:\/\/campingaupieddumont.ca\/#website\"},\"datePublished\":\"2015-07-16T16:01:29+00:00\",\"dateModified\":\"2025-03-26T12:56:24+00:00\",\"description\":\"Photos du Camping Au Pied Du Mont. Bien situ\u00e9 en Mont\u00e9r\u00e9gie, pr\u00e8s de Granby, St-Hyacinthe, Rive-Sud de Montr\u00e9al.Venez nous visiter cet \u00e9t\u00e9!\",\"breadcrumb\":{\"@id\":\"https:\/\/campingaupieddumont.ca\/en\/photos\/#breadcrumb\"},\"inLanguage\":\"en-CA\",\"potentialAction\":[{\"@type\":\"ReadAction\",\"target\":[\"https:\/\/campingaupieddumont.ca\/en\/photos\/\"]}]},{\"@type\":\"BreadcrumbList\",\"@id\":\"https:\/\/campingaupieddumont.ca\/en\/photos\/#breadcrumb\",\"itemListElement\":[{\"@type\":\"ListItem\",\"position\":1,\"name\":\"Accueil\",\"item\":\"https:\/\/campingaupieddumont.ca\/en\/\"},{\"@type\":\"ListItem\",\"position\":2,\"name\":\"Photos\"}]},{\"@type\":\"WebSite\",\"@id\":\"https:\/\/campingaupieddumont.ca\/#website\",\"url\":\"https:\/\/campingaupieddumont.ca\/\",\"name\":\"Camping Au Pied Du Mont\",\"description\":\"Camping located at the foot of Mount Rougemont\",\"potentialAction\":[{\"@type\":\"SearchAction\",\"target\":{\"@type\":\"EntryPoint\",\"urlTemplate\":\"https:\/\/campingaupieddumont.ca\/?s={search_term_string}\"},\"query-input\":{\"@type\":\"PropertyValueSpecification\",\"valueRequired\":true,\"valueName\":\"search_term_string\"}}],\"inLanguage\":\"en-CA\"}]}<\/script>\n<!-- \/ Yoast SEO plugin. -->","yoast_head_json":{"title":"Photos Camping Au Pied Du Mont | Granby, St-Hyacinthe, Rive-Sud, Estrie","description":"Photos du Camping Au Pied Du Mont. Bien situ\u00e9 en Mont\u00e9r\u00e9gie, pr\u00e8s de Granby, St-Hyacinthe, Rive-Sud de Montr\u00e9al.Venez nous visiter cet \u00e9t\u00e9!","robots":{"index":"index","follow":"follow","max-snippet":"max-snippet:-1","max-image-preview":"max-image-preview:large","max-video-preview":"max-video-preview:-1"},"canonical":"https:\/\/campingaupieddumont.ca\/en\/photos\/","og_locale":"en_US","og_type":"article","og_title":"Photos Camping Au Pied Du Mont | Granby, St-Hyacinthe, Rive-Sud, Estrie","og_description":"Photos du Camping Au Pied Du Mont. Bien situ\u00e9 en Mont\u00e9r\u00e9gie, pr\u00e8s de Granby, St-Hyacinthe, Rive-Sud de Montr\u00e9al.Venez nous visiter cet \u00e9t\u00e9!","og_url":"https:\/\/campingaupieddumont.ca\/en\/photos\/","og_site_name":"Camping Au Pied Du Mont","article_publisher":"https:\/\/www.facebook.com\/campingaupieddumont","article_modified_time":"2025-03-26T12:56:24+00:00","og_image":[{"width":2048,"height":800,"url":"https:\/\/campingaupieddumont.ca\/wp-content\/uploads\/camping-au-pied-du-mont-vue-ensemble.jpg","type":"image\/jpeg"}],"schema":{"@context":"https:\/\/schema.org","@graph":[{"@type":"WebPage","@id":"https:\/\/campingaupieddumont.ca\/en\/photos\/","url":"https:\/\/campingaupieddumont.ca\/en\/photos\/","name":"Photos Camping Au Pied Du Mont | Granby, St-Hyacinthe, Rive-Sud, Estrie","isPartOf":{"@id":"https:\/\/campingaupieddumont.ca\/#website"},"datePublished":"2015-07-16T16:01:29+00:00","dateModified":"2025-03-26T12:56:24+00:00","description":"Photos du Camping Au Pied Du Mont. Bien situ\u00e9 en Mont\u00e9r\u00e9gie, pr\u00e8s de Granby, St-Hyacinthe, Rive-Sud de Montr\u00e9al.Venez nous visiter cet \u00e9t\u00e9!","breadcrumb":{"@id":"https:\/\/campingaupieddumont.ca\/en\/photos\/#breadcrumb"},"inLanguage":"en-CA","potentialAction":[{"@type":"ReadAction","target":["https:\/\/campingaupieddumont.ca\/en\/photos\/"]}]},{"@type":"BreadcrumbList","@id":"https:\/\/campingaupieddumont.ca\/en\/photos\/#breadcrumb","itemListElement":[{"@type":"ListItem","position":1,"name":"Accueil","item":"https:\/\/campingaupieddumont.ca\/en\/"},{"@type":"ListItem","position":2,"name":"Photos"}]},{"@type":"WebSite","@id":"https:\/\/campingaupieddumont.ca\/#website","url":"https:\/\/campingaupieddumont.ca\/","name":"Camping Au Pied Du Mont","description":"Camping located at the foot of Mount Rougemont","potentialAction":[{"@type":"SearchAction","target":{"@type":"EntryPoint","urlTemplate":"https:\/\/campingaupieddumont.ca\/?s={search_term_string}"},"query-input":{"@type":"PropertyValueSpecification","valueRequired":true,"valueName":"search_term_string"}}],"inLanguage":"en-CA"}]}},"_links":{"self":[{"href":"https:\/\/campingaupieddumont.ca\/en\/wp-json\/wp\/v2\/pages\/265","targetHints":{"allow":["GET"]}}],"collection":[{"href":"https:\/\/campingaupieddumont.ca\/en\/wp-json\/wp\/v2\/pages"}],"about":[{"href":"https:\/\/campingaupieddumont.ca\/en\/wp-json\/wp\/v2\/types\/page"}],"author":[{"embeddable":true,"href":"https:\/\/campingaupieddumont.ca\/en\/wp-json\/wp\/v2\/users\/1"}],"replies":[{"embeddable":true,"href":"https:\/\/campingaupieddumont.ca\/en\/wp-json\/wp\/v2\/comments?post=265"}],"version-history":[{"count":3,"href":"https:\/\/campingaupieddumont.ca\/en\/wp-json\/wp\/v2\/pages\/265\/revisions"}],"predecessor-version":[{"id":1981,"href":"https:\/\/campingaupieddumont.ca\/en\/wp-json\/wp\/v2\/pages\/265\/revisions\/1981"}],"wp:attachment":[{"href":"https:\/\/campingaupieddumont.ca\/en\/wp-json\/wp\/v2\/media?parent=265"}],"curies":[{"name":"wp","href":"https:\/\/api.w.org\/{rel}","templated":true}]}}